{"id":6303,"date":"2025-03-16T08:00:38","date_gmt":"2025-03-16T08:00:38","guid":{"rendered":"https:\/\/ljelevator.com\/?post_type=product&#038;p=6303"},"modified":"2025-03-16T08:03:01","modified_gmt":"2025-03-16T08:03:01","slug":"vika-series","status":"publish","type":"product","link":"https:\/\/ljelevator.com\/es\/producto\/vika-series\/","title":{"rendered":"Serie Vika"},"content":{"rendered":"","protected":false},"excerpt":{"rendered":"<p>\u00bfSu casa se merece un ascensor m\u00e1s elegante y moderno que se adapte a su estilo de vida exclusivo? Los ascensores dom\u00e9sticos de la serie Vika aportan un nuevo nivel de lujo con una innovadora instalaci\u00f3n sin foso y un tama\u00f1o ultracompacto. Dise\u00f1ado con acabados refinados y controles inteligentes, Vika ofrece un viaje elegante, seguro y suave que eleva su experiencia de movilidad en el hogar a un nivel completamente nuevo.<\/p>\n<p><a href=\"https:\/\/ljelevator.com\/es\/vika-series-elevate-your-luxury-living\/\">Ventajas m\u00e1s detalladas.<\/a><\/p>","protected":false},"featured_media":6300,"comment_status":"open","ping_status":"closed","template":"","meta":{"_seopress_robots_primary_cat":"none","_seopress_titles_title":"Vika Home Elevators \u2013 Elevate Your Luxury Living","_seopress_titles_desc":"Experience the blend of smart technology and elegant design with Vika Home Elevators, perfect for upscale homes.","_seopress_robots_index":""},"product_brand":[],"product_cat":[32],"product_tag":[47],"class_list":{"0":"post-6303","1":"product","2":"type-product","3":"status-publish","4":"has-post-thumbnail","6":"product_cat-home-elevator","7":"product_tag-vika-series","9":"first","10":"instock","11":"shipping-taxable","12":"product-type-simple"},"_links":{"self":[{"href":"https:\/\/ljelevator.com\/es\/wp-json\/wp\/v2\/product\/6303"}],"collection":[{"href":"https:\/\/ljelevator.com\/es\/wp-json\/wp\/v2\/product"}],"about":[{"href":"https:\/\/ljelevator.com\/es\/wp-json\/wp\/v2\/types\/product"}],"replies":[{"embeddable":true,"href":"https:\/\/ljelevator.com\/es\/wp-json\/wp\/v2\/comments?post=6303"}],"wp:featuredmedia":[{"embeddable":true,"href":"https:\/\/ljelevator.com\/es\/wp-json\/wp\/v2\/media\/6300"}],"wp:attachment":[{"href":"https:\/\/ljelevator.com\/es\/wp-json\/wp\/v2\/media?parent=6303"}],"wp:term":[{"taxonomy":"product_brand","embeddable":true,"href":"https:\/\/ljelevator.com\/es\/wp-json\/wp\/v2\/product_brand?post=6303"},{"taxonomy":"product_cat","embeddable":true,"href":"https:\/\/ljelevator.com\/es\/wp-json\/wp\/v2\/product_cat?post=6303"},{"taxonomy":"product_tag","embeddable":true,"href":"https:\/\/ljelevator.com\/es\/wp-json\/wp\/v2\/product_tag?post=6303"}],"curies":[{"name":"wp","href":"https:\/\/api.w.org\/{rel}","templated":true}]}}