{"id":4877,"date":"2024-12-19T03:11:42","date_gmt":"2024-12-19T03:11:42","guid":{"rendered":"https:\/\/ljelevator.com\/?post_type=product&#038;p=4877"},"modified":"2024-12-19T03:11:42","modified_gmt":"2024-12-19T03:11:42","slug":"lj-15-11","status":"publish","type":"product","link":"https:\/\/ljelevator.com\/pt\/produto\/lj-15-11\/","title":{"rendered":"LJ-15-11"},"content":{"rendered":"","protected":false},"excerpt":{"rendered":"<p>1. Teto da cabina do elevador:<br \/>\nPainel em ouro rosa escovado com ilumina\u00e7\u00e3o embutida LED, complementada por uma ilumina\u00e7\u00e3o suave.<\/p>\n<p>2. Paredes laterais e parede traseira da cabina do elevador:<br \/>\nPainel central: Folheado de madeira com tiras decorativas incrustadas.<br \/>\nPain\u00e9is auxiliares: Superf\u00edcies espelhadas.<\/p>\n<p>3. Corrim\u00e3os de elevador:<br \/>\nCorrim\u00f5es redondos em a\u00e7o inoxid\u00e1vel.<\/p>\n<p>4. Piso da cabina do elevador:<br \/>\nMosaico de PVC com 2 mm de espessura. (Mosaico de m\u00e1rmore opcional)<\/p>","protected":false},"featured_media":4880,"comment_status":"open","ping_status":"closed","template":"","meta":{"_seopress_robots_primary_cat":"","_seopress_titles_title":"LJ-15-11 Passenger Elevator Cab Interiors | Elegant & Reliable","_seopress_titles_desc":"LJ-15-11 passenger elevator offers top-quality elevator cab designs. Enhance aesthetics and functionality with our customizable options.","_seopress_robots_index":""},"product_brand":[],"product_cat":[31],"product_tag":[],"class_list":{"0":"post-4877","1":"product","2":"type-product","3":"status-publish","4":"has-post-thumbnail","6":"product_cat-passenger-elevator","8":"first","9":"instock","10":"shipping-taxable","11":"product-type-simple"},"_links":{"self":[{"href":"https:\/\/ljelevator.com\/pt\/wp-json\/wp\/v2\/product\/4877"}],"collection":[{"href":"https:\/\/ljelevator.com\/pt\/wp-json\/wp\/v2\/product"}],"about":[{"href":"https:\/\/ljelevator.com\/pt\/wp-json\/wp\/v2\/types\/product"}],"replies":[{"embeddable":true,"href":"https:\/\/ljelevator.com\/pt\/wp-json\/wp\/v2\/comments?post=4877"}],"wp:featuredmedia":[{"embeddable":true,"href":"https:\/\/ljelevator.com\/pt\/wp-json\/wp\/v2\/media\/4880"}],"wp:attachment":[{"href":"https:\/\/ljelevator.com\/pt\/wp-json\/wp\/v2\/media?parent=4877"}],"wp:term":[{"taxonomy":"product_brand","embeddable":true,"href":"https:\/\/ljelevator.com\/pt\/wp-json\/wp\/v2\/product_brand?post=4877"},{"taxonomy":"product_cat","embeddable":true,"href":"https:\/\/ljelevator.com\/pt\/wp-json\/wp\/v2\/product_cat?post=4877"},{"taxonomy":"product_tag","embeddable":true,"href":"https:\/\/ljelevator.com\/pt\/wp-json\/wp\/v2\/product_tag?post=4877"}],"curies":[{"name":"wp","href":"https:\/\/api.w.org\/{rel}","templated":true}]}}