{"id":4925,"date":"2024-12-20T02:09:36","date_gmt":"2024-12-20T02:09:36","guid":{"rendered":"https:\/\/ljelevator.com\/?post_type=product&#038;p=4925"},"modified":"2024-12-20T02:09:37","modified_gmt":"2024-12-20T02:09:37","slug":"lj-15-06","status":"publish","type":"product","link":"https:\/\/ljelevator.com\/pt\/produto\/lj-15-06\/","title":{"rendered":"LJ-15-06"},"content":{"rendered":"","protected":false},"excerpt":{"rendered":"<p>1. Teto da cabina do elevador:<br \/>\nEstrutura em a\u00e7o inoxid\u00e1vel espelhado com um painel central branco transl\u00facido.<\/p>\n<p>2. Paredes laterais e parede traseira da cabina do elevador:<br \/>\nPainel central: Estofos em couro.<br \/>\nPain\u00e9is auxiliares: A\u00e7o inoxid\u00e1vel espelhado e gravado.<\/p>\n<p>3. Corrim\u00e3os de elevador:<br \/>\nCorrim\u00f5es em acr\u00edlico.<\/p>\n<p>4. Piso da cabina do elevador:<br \/>\nMosaico de PVC com 2 mm de espessura. (Mosaico de m\u00e1rmore opcional)<\/p>","protected":false},"featured_media":4928,"comment_status":"open","ping_status":"closed","template":"","meta":{"_seopress_robots_primary_cat":"","_seopress_titles_title":"LJ-15-06 Elevator Cab Decoration | Modern & Durable Designs","_seopress_titles_desc":"Explore LJ-15-06 passenger elevator cab interiors. Durable, stylish, and customizable designs to enhance your building\u2019s aesthetics and safety.","_seopress_robots_index":""},"product_brand":[],"product_cat":[31],"product_tag":[],"class_list":{"0":"post-4925","1":"product","2":"type-product","3":"status-publish","4":"has-post-thumbnail","6":"product_cat-passenger-elevator","8":"first","9":"instock","10":"shipping-taxable","11":"product-type-simple"},"_links":{"self":[{"href":"https:\/\/ljelevator.com\/pt\/wp-json\/wp\/v2\/product\/4925"}],"collection":[{"href":"https:\/\/ljelevator.com\/pt\/wp-json\/wp\/v2\/product"}],"about":[{"href":"https:\/\/ljelevator.com\/pt\/wp-json\/wp\/v2\/types\/product"}],"replies":[{"embeddable":true,"href":"https:\/\/ljelevator.com\/pt\/wp-json\/wp\/v2\/comments?post=4925"}],"wp:featuredmedia":[{"embeddable":true,"href":"https:\/\/ljelevator.com\/pt\/wp-json\/wp\/v2\/media\/4928"}],"wp:attachment":[{"href":"https:\/\/ljelevator.com\/pt\/wp-json\/wp\/v2\/media?parent=4925"}],"wp:term":[{"taxonomy":"product_brand","embeddable":true,"href":"https:\/\/ljelevator.com\/pt\/wp-json\/wp\/v2\/product_brand?post=4925"},{"taxonomy":"product_cat","embeddable":true,"href":"https:\/\/ljelevator.com\/pt\/wp-json\/wp\/v2\/product_cat?post=4925"},{"taxonomy":"product_tag","embeddable":true,"href":"https:\/\/ljelevator.com\/pt\/wp-json\/wp\/v2\/product_tag?post=4925"}],"curies":[{"name":"wp","href":"https:\/\/api.w.org\/{rel}","templated":true}]}}