{"id":5038,"date":"2024-12-23T05:50:34","date_gmt":"2024-12-23T05:50:34","guid":{"rendered":"https:\/\/ljelevator.com\/?post_type=product&#038;p=5038"},"modified":"2024-12-23T05:50:35","modified_gmt":"2024-12-23T05:50:35","slug":"lj-15-07","status":"publish","type":"product","link":"https:\/\/ljelevator.com\/pt\/produto\/lj-15-07\/","title":{"rendered":"LJ-15-07"},"content":{"rendered":"","protected":false},"excerpt":{"rendered":"<p>1. Teto da cabina do elevador:<br \/>\nA\u00e7o inoxid\u00e1vel espelhado em tit\u00e2nio preto com um painel central com padr\u00e3o de tit\u00e2nio e luzes de teto. (Lumin\u00e1rias fornecidas pelo cliente).<\/p>\n<p>2. Paredes laterais e parede traseira da cabina do elevador:<br \/>\nParedes laterais: Estofos em couro e folha de madeira.<br \/>\nParede traseira: Folheado a madeira com espelho de tit\u00e2nio gravado.<\/p>\n<p>3. Corrim\u00e3os de elevador:<br \/>\nCorrim\u00f5es de madeira.<\/p>\n<p>4. Piso da cabina do elevador:<br \/>\nMosaico de PVC com 2 mm de espessura. (Mosaico de m\u00e1rmore opcional)<\/p>","protected":false},"featured_media":5041,"comment_status":"open","ping_status":"closed","template":"","meta":{"_seopress_robots_primary_cat":"","_seopress_titles_title":"LJ-15-07 Elevator Cab Decoration | Modern & Durable Designs","_seopress_titles_desc":"Explore LJ-15-07 passenger elevator cab interiors. Durable, stylish, and customizable designs to enhance your building\u2019s aesthetics and safety.","_seopress_robots_index":""},"product_brand":[],"product_cat":[31],"product_tag":[],"class_list":{"0":"post-5038","1":"product","2":"type-product","3":"status-publish","4":"has-post-thumbnail","6":"product_cat-passenger-elevator","8":"first","9":"instock","10":"shipping-taxable","11":"product-type-simple"},"_links":{"self":[{"href":"https:\/\/ljelevator.com\/pt\/wp-json\/wp\/v2\/product\/5038"}],"collection":[{"href":"https:\/\/ljelevator.com\/pt\/wp-json\/wp\/v2\/product"}],"about":[{"href":"https:\/\/ljelevator.com\/pt\/wp-json\/wp\/v2\/types\/product"}],"replies":[{"embeddable":true,"href":"https:\/\/ljelevator.com\/pt\/wp-json\/wp\/v2\/comments?post=5038"}],"wp:featuredmedia":[{"embeddable":true,"href":"https:\/\/ljelevator.com\/pt\/wp-json\/wp\/v2\/media\/5041"}],"wp:attachment":[{"href":"https:\/\/ljelevator.com\/pt\/wp-json\/wp\/v2\/media?parent=5038"}],"wp:term":[{"taxonomy":"product_brand","embeddable":true,"href":"https:\/\/ljelevator.com\/pt\/wp-json\/wp\/v2\/product_brand?post=5038"},{"taxonomy":"product_cat","embeddable":true,"href":"https:\/\/ljelevator.com\/pt\/wp-json\/wp\/v2\/product_cat?post=5038"},{"taxonomy":"product_tag","embeddable":true,"href":"https:\/\/ljelevator.com\/pt\/wp-json\/wp\/v2\/product_tag?post=5038"}],"curies":[{"name":"wp","href":"https:\/\/api.w.org\/{rel}","templated":true}]}}