{"id":5050,"date":"2024-12-23T06:00:48","date_gmt":"2024-12-23T06:00:48","guid":{"rendered":"https:\/\/ljelevator.com\/?post_type=product&#038;p=5050"},"modified":"2024-12-23T06:00:48","modified_gmt":"2024-12-23T06:00:48","slug":"lj-15-16","status":"publish","type":"product","link":"https:\/\/ljelevator.com\/pt\/produto\/lj-15-16\/","title":{"rendered":"LJ-15-16"},"content":{"rendered":"","protected":false},"excerpt":{"rendered":"<p>1. Teto da cabina do elevador:<br \/>\nEstrutura em a\u00e7o inoxid\u00e1vel espelhado com um painel central transl\u00facido.<\/p>\n<p>2. Paredes laterais e parede traseira da cabina do elevador:<br \/>\nPainel central: Moldura em folheado de madeira com espelho biselado.<br \/>\nPain\u00e9is auxiliares: Folheado a madeira.<\/p>\n<p>3. Corrim\u00e3os de elevador:<br \/>\nCombina\u00e7\u00e3o de corrim\u00f5es em madeira e tit\u00e2nio.<\/p>\n<p>4. Piso da cabina do elevador:<br \/>\nMosaico de PVC com 2 mm de espessura. (Mosaico de m\u00e1rmore opcional)<\/p>","protected":false},"featured_media":5053,"comment_status":"open","ping_status":"closed","template":"","meta":{"_seopress_robots_primary_cat":"","_seopress_titles_title":"LJ-15-16 Passenger Elevator Cab Interiors | Elegant & Reliable","_seopress_titles_desc":"LJ-15-16 offers top-quality elevator cab designs. Enhance aesthetics and functionality with our customizable options.","_seopress_robots_index":""},"product_brand":[],"product_cat":[31],"product_tag":[],"class_list":{"0":"post-5050","1":"product","2":"type-product","3":"status-publish","4":"has-post-thumbnail","6":"product_cat-passenger-elevator","8":"first","9":"instock","10":"shipping-taxable","11":"product-type-simple"},"_links":{"self":[{"href":"https:\/\/ljelevator.com\/pt\/wp-json\/wp\/v2\/product\/5050"}],"collection":[{"href":"https:\/\/ljelevator.com\/pt\/wp-json\/wp\/v2\/product"}],"about":[{"href":"https:\/\/ljelevator.com\/pt\/wp-json\/wp\/v2\/types\/product"}],"replies":[{"embeddable":true,"href":"https:\/\/ljelevator.com\/pt\/wp-json\/wp\/v2\/comments?post=5050"}],"wp:featuredmedia":[{"embeddable":true,"href":"https:\/\/ljelevator.com\/pt\/wp-json\/wp\/v2\/media\/5053"}],"wp:attachment":[{"href":"https:\/\/ljelevator.com\/pt\/wp-json\/wp\/v2\/media?parent=5050"}],"wp:term":[{"taxonomy":"product_brand","embeddable":true,"href":"https:\/\/ljelevator.com\/pt\/wp-json\/wp\/v2\/product_brand?post=5050"},{"taxonomy":"product_cat","embeddable":true,"href":"https:\/\/ljelevator.com\/pt\/wp-json\/wp\/v2\/product_cat?post=5050"},{"taxonomy":"product_tag","embeddable":true,"href":"https:\/\/ljelevator.com\/pt\/wp-json\/wp\/v2\/product_tag?post=5050"}],"curies":[{"name":"wp","href":"https:\/\/api.w.org\/{rel}","templated":true}]}}