{"id":5156,"date":"2024-12-25T09:42:16","date_gmt":"2024-12-25T09:42:16","guid":{"rendered":"https:\/\/ljelevator.com\/?post_type=product&#038;p=5156"},"modified":"2024-12-25T09:42:17","modified_gmt":"2024-12-25T09:42:17","slug":"lj-15-28","status":"publish","type":"product","link":"https:\/\/ljelevator.com\/pt\/produto\/lj-15-28\/","title":{"rendered":"LJ-15-28"},"content":{"rendered":"","protected":false},"excerpt":{"rendered":"<p>1. Teto da cabina do elevador:<br \/>\nTeto em a\u00e7o inoxid\u00e1vel espelhado em ouro rosa com faixas de luz ocultas.<\/p>\n<p>2. Paredes laterais e parede traseira da cabina do elevador:<br \/>\nPainel central: Espelho gravado a ouro rosa.<br \/>\nPainel auxiliar: Acabamento escovado em ouro rosa.<\/p>\n<p>3. Corrim\u00e3os de elevador:<br \/>\nCorrim\u00f5es redondos espelhados em a\u00e7o inoxid\u00e1vel ouro rosa.<\/p>\n<p>4. Piso da cabina do elevador:<br \/>\nMosaico de PVC com 2 mm de espessura. (Mosaico de m\u00e1rmore opcional)<\/p>","protected":false},"featured_media":5159,"comment_status":"open","ping_status":"closed","template":"","meta":{"_seopress_robots_primary_cat":"","_seopress_titles_title":"LJ-15-28 Passenger Elevator Interiors | Stylish & Customizable","_seopress_titles_desc":"Upgrade with LJ-15-28 passenger elevator cabs. Premium materials and designs for modern, durable, and elegant interiors.","_seopress_robots_index":""},"product_brand":[],"product_cat":[31],"product_tag":[],"class_list":{"0":"post-5156","1":"product","2":"type-product","3":"status-publish","4":"has-post-thumbnail","6":"product_cat-passenger-elevator","8":"first","9":"instock","10":"shipping-taxable","11":"product-type-simple"},"_links":{"self":[{"href":"https:\/\/ljelevator.com\/pt\/wp-json\/wp\/v2\/product\/5156"}],"collection":[{"href":"https:\/\/ljelevator.com\/pt\/wp-json\/wp\/v2\/product"}],"about":[{"href":"https:\/\/ljelevator.com\/pt\/wp-json\/wp\/v2\/types\/product"}],"replies":[{"embeddable":true,"href":"https:\/\/ljelevator.com\/pt\/wp-json\/wp\/v2\/comments?post=5156"}],"wp:featuredmedia":[{"embeddable":true,"href":"https:\/\/ljelevator.com\/pt\/wp-json\/wp\/v2\/media\/5159"}],"wp:attachment":[{"href":"https:\/\/ljelevator.com\/pt\/wp-json\/wp\/v2\/media?parent=5156"}],"wp:term":[{"taxonomy":"product_brand","embeddable":true,"href":"https:\/\/ljelevator.com\/pt\/wp-json\/wp\/v2\/product_brand?post=5156"},{"taxonomy":"product_cat","embeddable":true,"href":"https:\/\/ljelevator.com\/pt\/wp-json\/wp\/v2\/product_cat?post=5156"},{"taxonomy":"product_tag","embeddable":true,"href":"https:\/\/ljelevator.com\/pt\/wp-json\/wp\/v2\/product_tag?post=5156"}],"curies":[{"name":"wp","href":"https:\/\/api.w.org\/{rel}","templated":true}]}}