{"id":5168,"date":"2024-12-25T09:50:15","date_gmt":"2024-12-25T09:50:15","guid":{"rendered":"https:\/\/ljelevator.com\/?post_type=product&#038;p=5168"},"modified":"2025-01-06T08:03:02","modified_gmt":"2025-01-06T08:03:02","slug":"lj-15-31","status":"publish","type":"product","link":"https:\/\/ljelevator.com\/pt\/produto\/lj-15-31\/","title":{"rendered":"LJ-15-31"},"content":{"rendered":"","protected":false},"excerpt":{"rendered":"<p>1. Teto da cabina do elevador:<br \/>\nMoldura em ouro rosa com luzes embutidas e um centro em folha de prata.<\/p>\n<p>2. Paredes laterais e parede traseira da cabina do elevador:<br \/>\nVidro art\u00edstico com detalhes em pele estofada no meio das paredes laterais.<\/p>\n<p>3. Corrim\u00e3os de elevador:<br \/>\nCorrim\u00f5es em a\u00e7o inoxid\u00e1vel escovado revestidos a ouro rosa.<\/p>\n<p>4. Piso da cabina do elevador:<br \/>\nMosaico de PVC com 2 mm de espessura. (Mosaico de m\u00e1rmore opcional)<\/p>","protected":false},"featured_media":5171,"comment_status":"open","ping_status":"closed","template":"","meta":{"_seopress_robots_primary_cat":"none","_seopress_titles_title":"LJ-15-31 Passenger Elevator Decoration | Durable & Modern Cabs","_seopress_titles_desc":"Stylish LJ-15-31 passenger elevator interiors with premium materials. Durable, safe, and designed to elevate your space.","_seopress_robots_index":""},"product_brand":[],"product_cat":[31],"product_tag":[],"class_list":{"0":"post-5168","1":"product","2":"type-product","3":"status-publish","4":"has-post-thumbnail","6":"product_cat-passenger-elevator","8":"first","9":"instock","10":"shipping-taxable","11":"product-type-simple"},"_links":{"self":[{"href":"https:\/\/ljelevator.com\/pt\/wp-json\/wp\/v2\/product\/5168"}],"collection":[{"href":"https:\/\/ljelevator.com\/pt\/wp-json\/wp\/v2\/product"}],"about":[{"href":"https:\/\/ljelevator.com\/pt\/wp-json\/wp\/v2\/types\/product"}],"replies":[{"embeddable":true,"href":"https:\/\/ljelevator.com\/pt\/wp-json\/wp\/v2\/comments?post=5168"}],"wp:featuredmedia":[{"embeddable":true,"href":"https:\/\/ljelevator.com\/pt\/wp-json\/wp\/v2\/media\/5171"}],"wp:attachment":[{"href":"https:\/\/ljelevator.com\/pt\/wp-json\/wp\/v2\/media?parent=5168"}],"wp:term":[{"taxonomy":"product_brand","embeddable":true,"href":"https:\/\/ljelevator.com\/pt\/wp-json\/wp\/v2\/product_brand?post=5168"},{"taxonomy":"product_cat","embeddable":true,"href":"https:\/\/ljelevator.com\/pt\/wp-json\/wp\/v2\/product_cat?post=5168"},{"taxonomy":"product_tag","embeddable":true,"href":"https:\/\/ljelevator.com\/pt\/wp-json\/wp\/v2\/product_tag?post=5168"}],"curies":[{"name":"wp","href":"https:\/\/api.w.org\/{rel}","templated":true}]}}