{"id":5916,"date":"2025-03-02T01:48:57","date_gmt":"2025-03-02T01:48:57","guid":{"rendered":"https:\/\/ljelevator.com\/?post_type=product&#038;p=5916"},"modified":"2025-06-30T09:09:09","modified_gmt":"2025-06-30T09:09:09","slug":"lj-cj","status":"publish","type":"product","link":"https:\/\/ljelevator.com\/pt\/produto\/lj-cj\/","title":{"rendered":"Chanjuan"},"content":{"rendered":"","protected":false},"excerpt":{"rendered":"<ol>\n<li>Teto: Chapa de a\u00e7o pintada com laca branca + moldura decorativa em ouro tit\u00e2nio + acr\u00edlico<\/li>\n<li>Parede frontal: Acabamento em ouro tit\u00e2nio<\/li>\n<li>Parede traseira: Vidro art\u00edstico + moldura em ouro tit\u00e2nio + faixa de luz oculta<\/li>\n<li>Parede lateral: Acabamento em madeira \u00e0 prova de fogo<\/li>\n<li>Corrim\u00e3o: Corrim\u00e3o em tubo redondo de a\u00e7o inoxid\u00e1vel com linhas de ouro tit\u00e2nio<\/li>\n<li>Pavimento: M\u00e1rmore<\/li>\n<\/ol>","protected":false},"featured_media":5917,"comment_status":"open","ping_status":"closed","template":"","meta":{"_seopress_robots_primary_cat":"none","_seopress_titles_title":"Chanjuan Villa Elevator Cab Decoration | Modern & Durable Designs","_seopress_titles_desc":"Explore Chanjuan villa elevator cab interiors\u2014durable, stylish, and customizable designs to enhance your building\u2019s aesthetics and safety.","_seopress_robots_index":""},"product_brand":[],"product_cat":[32],"product_tag":[],"class_list":{"0":"post-5916","1":"product","2":"type-product","3":"status-publish","4":"has-post-thumbnail","6":"product_cat-home-elevator","8":"first","9":"instock","10":"shipping-taxable","11":"product-type-simple"},"_links":{"self":[{"href":"https:\/\/ljelevator.com\/pt\/wp-json\/wp\/v2\/product\/5916"}],"collection":[{"href":"https:\/\/ljelevator.com\/pt\/wp-json\/wp\/v2\/product"}],"about":[{"href":"https:\/\/ljelevator.com\/pt\/wp-json\/wp\/v2\/types\/product"}],"replies":[{"embeddable":true,"href":"https:\/\/ljelevator.com\/pt\/wp-json\/wp\/v2\/comments?post=5916"}],"wp:featuredmedia":[{"embeddable":true,"href":"https:\/\/ljelevator.com\/pt\/wp-json\/wp\/v2\/media\/5917"}],"wp:attachment":[{"href":"https:\/\/ljelevator.com\/pt\/wp-json\/wp\/v2\/media?parent=5916"}],"wp:term":[{"taxonomy":"product_brand","embeddable":true,"href":"https:\/\/ljelevator.com\/pt\/wp-json\/wp\/v2\/product_brand?post=5916"},{"taxonomy":"product_cat","embeddable":true,"href":"https:\/\/ljelevator.com\/pt\/wp-json\/wp\/v2\/product_cat?post=5916"},{"taxonomy":"product_tag","embeddable":true,"href":"https:\/\/ljelevator.com\/pt\/wp-json\/wp\/v2\/product_tag?post=5916"}],"curies":[{"name":"wp","href":"https:\/\/api.w.org\/{rel}","templated":true}]}}