{"id":6303,"date":"2025-03-16T08:00:38","date_gmt":"2025-03-16T08:00:38","guid":{"rendered":"https:\/\/ljelevator.com\/?post_type=product&#038;p=6303"},"modified":"2025-03-16T08:03:01","modified_gmt":"2025-03-16T08:03:01","slug":"vika-series","status":"publish","type":"product","link":"https:\/\/ljelevator.com\/pt\/produto\/vika-series\/","title":{"rendered":"S\u00e9rie Vika"},"content":{"rendered":"","protected":false},"excerpt":{"rendered":"<p>A sua casa merece um elevador mais elegante e moderno que corresponda ao seu estilo de vida sofisticado? Os elevadores dom\u00e9sticos da s\u00e9rie Vika proporcionam um novo n\u00edvel de luxo com uma instala\u00e7\u00e3o inovadora sem po\u00e7o e uma pegada ultra-compacta. Concebido com acabamentos refinados e controlos inteligentes, o Vika oferece uma viagem elegante, segura e suave que eleva a sua experi\u00eancia de mobilidade dom\u00e9stica a um n\u00edvel totalmente novo.<\/p>\n<p><a href=\"https:\/\/ljelevator.com\/pt\/vika-series-elevate-your-luxury-living\/\">Vantagens mais pormenorizadas.<\/a><\/p>","protected":false},"featured_media":6300,"comment_status":"open","ping_status":"closed","template":"","meta":{"_seopress_robots_primary_cat":"none","_seopress_titles_title":"Vika Home Elevators \u2013 Elevate Your Luxury Living","_seopress_titles_desc":"Experience the blend of smart technology and elegant design with Vika Home Elevators, perfect for upscale homes.","_seopress_robots_index":""},"product_brand":[],"product_cat":[32],"product_tag":[47],"class_list":{"0":"post-6303","1":"product","2":"type-product","3":"status-publish","4":"has-post-thumbnail","6":"product_cat-home-elevator","7":"product_tag-vika-series","9":"first","10":"instock","11":"shipping-taxable","12":"product-type-simple"},"_links":{"self":[{"href":"https:\/\/ljelevator.com\/pt\/wp-json\/wp\/v2\/product\/6303"}],"collection":[{"href":"https:\/\/ljelevator.com\/pt\/wp-json\/wp\/v2\/product"}],"about":[{"href":"https:\/\/ljelevator.com\/pt\/wp-json\/wp\/v2\/types\/product"}],"replies":[{"embeddable":true,"href":"https:\/\/ljelevator.com\/pt\/wp-json\/wp\/v2\/comments?post=6303"}],"wp:featuredmedia":[{"embeddable":true,"href":"https:\/\/ljelevator.com\/pt\/wp-json\/wp\/v2\/media\/6300"}],"wp:attachment":[{"href":"https:\/\/ljelevator.com\/pt\/wp-json\/wp\/v2\/media?parent=6303"}],"wp:term":[{"taxonomy":"product_brand","embeddable":true,"href":"https:\/\/ljelevator.com\/pt\/wp-json\/wp\/v2\/product_brand?post=6303"},{"taxonomy":"product_cat","embeddable":true,"href":"https:\/\/ljelevator.com\/pt\/wp-json\/wp\/v2\/product_cat?post=6303"},{"taxonomy":"product_tag","embeddable":true,"href":"https:\/\/ljelevator.com\/pt\/wp-json\/wp\/v2\/product_tag?post=6303"}],"curies":[{"name":"wp","href":"https:\/\/api.w.org\/{rel}","templated":true}]}}