{"id":6643,"date":"2025-04-07T06:10:13","date_gmt":"2025-04-07T06:10:13","guid":{"rendered":"https:\/\/ljelevator.com\/?post_type=product&#038;p=6643"},"modified":"2025-04-07T06:12:31","modified_gmt":"2025-04-07T06:12:31","slug":"xs106","status":"publish","type":"product","link":"https:\/\/ljelevator.com\/pt\/produto\/xs106\/","title":{"rendered":"XS106"},"content":{"rendered":"","protected":false},"excerpt":{"rendered":"<ol>\n<li><strong>Teto<\/strong>: A\u00e7o inoxid\u00e1vel com acabamento espelhado + luzes embutidas + faixa de luz<\/li>\n<li><strong>Paredes de autom\u00f3veis<\/strong>: M\u00e1rmore alveolar + a\u00e7o inoxid\u00e1vel com acabamento espelhado + guarni\u00e7\u00e3o em a\u00e7o inoxid\u00e1vel com acabamento espelhado<\/li>\n<li><strong>Parede frontal<\/strong>: A\u00e7o inoxid\u00e1vel com acabamento espelhado<\/li>\n<li><strong>Corrim\u00e3o<\/strong>: Combina\u00e7\u00e3o de madeira maci\u00e7a e a\u00e7o inoxid\u00e1vel<\/li>\n<li><strong>Placa de base<\/strong>: M\u00e1rmore<\/li>\n<li><strong>Piso<\/strong>: Pavimento em PVC ou m\u00e1rmore<\/li>\n<\/ol>","protected":false},"featured_media":6644,"comment_status":"open","ping_status":"closed","template":"","meta":{"_seopress_robots_primary_cat":"none","_seopress_titles_title":"XS106 Passenger Elevator Interiors | Stylish & Customizable","_seopress_titles_desc":"Upgrade with XS106 Passenger elevator cabs\u2014premium materials and designs for modern, durable, and elegant interiors.","_seopress_robots_index":""},"product_brand":[],"product_cat":[31],"product_tag":[],"class_list":{"0":"post-6643","1":"product","2":"type-product","3":"status-publish","4":"has-post-thumbnail","6":"product_cat-passenger-elevator","8":"first","9":"instock","10":"shipping-taxable","11":"product-type-simple"},"_links":{"self":[{"href":"https:\/\/ljelevator.com\/pt\/wp-json\/wp\/v2\/product\/6643"}],"collection":[{"href":"https:\/\/ljelevator.com\/pt\/wp-json\/wp\/v2\/product"}],"about":[{"href":"https:\/\/ljelevator.com\/pt\/wp-json\/wp\/v2\/types\/product"}],"replies":[{"embeddable":true,"href":"https:\/\/ljelevator.com\/pt\/wp-json\/wp\/v2\/comments?post=6643"}],"wp:featuredmedia":[{"embeddable":true,"href":"https:\/\/ljelevator.com\/pt\/wp-json\/wp\/v2\/media\/6644"}],"wp:attachment":[{"href":"https:\/\/ljelevator.com\/pt\/wp-json\/wp\/v2\/media?parent=6643"}],"wp:term":[{"taxonomy":"product_brand","embeddable":true,"href":"https:\/\/ljelevator.com\/pt\/wp-json\/wp\/v2\/product_brand?post=6643"},{"taxonomy":"product_cat","embeddable":true,"href":"https:\/\/ljelevator.com\/pt\/wp-json\/wp\/v2\/product_cat?post=6643"},{"taxonomy":"product_tag","embeddable":true,"href":"https:\/\/ljelevator.com\/pt\/wp-json\/wp\/v2\/product_tag?post=6643"}],"curies":[{"name":"wp","href":"https:\/\/api.w.org\/{rel}","templated":true}]}}