{"id":6856,"date":"2025-04-21T07:48:21","date_gmt":"2025-04-21T07:48:21","guid":{"rendered":"https:\/\/ljelevator.com\/?post_type=product&#038;p=6856"},"modified":"2025-04-21T07:52:55","modified_gmt":"2025-04-21T07:52:55","slug":"vigo2-11","status":"publish","type":"product","link":"https:\/\/ljelevator.com\/pt\/produto\/vigo2-11\/","title":{"rendered":"Vigo2-11"},"content":{"rendered":"","protected":false},"excerpt":{"rendered":"<ol>\n<li><strong>Teto do carro<\/strong>: A\u00e7o inoxid\u00e1vel com acabamento espelhado + ilumina\u00e7\u00e3o LED (V11-CL)<\/li>\n<li><strong>Parede traseira<\/strong>: Painel decorativo colorido (Champagne Gold C01V) + a\u00e7o inoxid\u00e1vel com acabamento espelhado<\/li>\n<li><strong>Paredes laterais<\/strong>: Painel decorativo colorido (Champagne Gold C01V) + painel decorativo colorido (White Oak G03)<\/li>\n<li><strong>Parede frontal<\/strong>: Painel decorativo colorido (Champagne Gold C01V)<\/li>\n<li><strong>Corrim\u00e3o<\/strong>: Ouro champanhe C01V (configura\u00e7\u00e3o standard)<\/li>\n<li><strong>Piso<\/strong>: Ch\u00e3o de pedra (V11-G)<\/li>\n<\/ol>","protected":false},"featured_media":6857,"comment_status":"open","ping_status":"closed","template":"","meta":{"_seopress_robots_primary_cat":"none","_seopress_titles_title":"Vigo2-11 Home Elevator Interiors | Stylish & Customizable","_seopress_titles_desc":"Upgrade with Vigo2-11 home elevator cabs\u2014premium materials and designs for modern, durable, and elegant interiors.","_seopress_robots_index":""},"product_brand":[],"product_cat":[32],"product_tag":[],"class_list":{"0":"post-6856","1":"product","2":"type-product","3":"status-publish","4":"has-post-thumbnail","6":"product_cat-home-elevator","8":"first","9":"instock","10":"shipping-taxable","11":"product-type-simple"},"_links":{"self":[{"href":"https:\/\/ljelevator.com\/pt\/wp-json\/wp\/v2\/product\/6856"}],"collection":[{"href":"https:\/\/ljelevator.com\/pt\/wp-json\/wp\/v2\/product"}],"about":[{"href":"https:\/\/ljelevator.com\/pt\/wp-json\/wp\/v2\/types\/product"}],"replies":[{"embeddable":true,"href":"https:\/\/ljelevator.com\/pt\/wp-json\/wp\/v2\/comments?post=6856"}],"wp:featuredmedia":[{"embeddable":true,"href":"https:\/\/ljelevator.com\/pt\/wp-json\/wp\/v2\/media\/6857"}],"wp:attachment":[{"href":"https:\/\/ljelevator.com\/pt\/wp-json\/wp\/v2\/media?parent=6856"}],"wp:term":[{"taxonomy":"product_brand","embeddable":true,"href":"https:\/\/ljelevator.com\/pt\/wp-json\/wp\/v2\/product_brand?post=6856"},{"taxonomy":"product_cat","embeddable":true,"href":"https:\/\/ljelevator.com\/pt\/wp-json\/wp\/v2\/product_cat?post=6856"},{"taxonomy":"product_tag","embeddable":true,"href":"https:\/\/ljelevator.com\/pt\/wp-json\/wp\/v2\/product_tag?post=6856"}],"curies":[{"name":"wp","href":"https:\/\/api.w.org\/{rel}","templated":true}]}}