{"id":7315,"date":"2025-06-23T07:07:21","date_gmt":"2025-06-23T07:07:21","guid":{"rendered":"https:\/\/ljelevator.com\/?post_type=product&#038;p=7315"},"modified":"2025-06-23T07:13:37","modified_gmt":"2025-06-23T07:13:37","slug":"md6000-1","status":"publish","type":"product","link":"https:\/\/ljelevator.com\/pt\/produto\/md6000-1\/","title":{"rendered":"MD6000-1"},"content":{"rendered":"","protected":false},"excerpt":{"rendered":"<ol>\n<li><strong>Paredes de autom\u00f3veis<\/strong>: A\u00e7o inoxid\u00e1vel de corte longitudinal<\/li>\n<li><strong>Parede frontal<\/strong>: A\u00e7o inoxid\u00e1vel de corte longitudinal<\/li>\n<li><strong>Porta do carro<\/strong>: A\u00e7o inoxid\u00e1vel de corte longitudinal<\/li>\n<li><strong>Corrim\u00e3o<\/strong>: FS-11WJ corrim\u00e3o em forma de U em a\u00e7o inoxid\u00e1vel<\/li>\n<li><strong>Piso<\/strong>: Pavimento resistente ao desgaste<\/li>\n<li><strong>Painel de opera\u00e7\u00f5es<\/strong>: Painel de controlo integrado<\/li>\n<li><strong>Ecr\u00e3 horizontal<\/strong>: Ecr\u00e3 gr\u00e1fico de cristais l\u00edquidos LCD<\/li>\n<\/ol>","protected":false},"featured_media":7316,"comment_status":"open","ping_status":"closed","template":"","meta":{"_seopress_robots_primary_cat":"none","_seopress_titles_title":"MD6000-1 Hospital Elevator Decoration | Durable & Modern Cabs","_seopress_titles_desc":"Stylish MD6000-1 hospital elevator interiors with premium materials. Durable, safe, and designed to elevate your space.","_seopress_robots_index":""},"product_brand":[],"product_cat":[36],"product_tag":[],"class_list":{"0":"post-7315","1":"product","2":"type-product","3":"status-publish","4":"has-post-thumbnail","6":"product_cat-hospital-elevator","8":"first","9":"instock","10":"shipping-taxable","11":"product-type-simple"},"_links":{"self":[{"href":"https:\/\/ljelevator.com\/pt\/wp-json\/wp\/v2\/product\/7315"}],"collection":[{"href":"https:\/\/ljelevator.com\/pt\/wp-json\/wp\/v2\/product"}],"about":[{"href":"https:\/\/ljelevator.com\/pt\/wp-json\/wp\/v2\/types\/product"}],"replies":[{"embeddable":true,"href":"https:\/\/ljelevator.com\/pt\/wp-json\/wp\/v2\/comments?post=7315"}],"wp:featuredmedia":[{"embeddable":true,"href":"https:\/\/ljelevator.com\/pt\/wp-json\/wp\/v2\/media\/7316"}],"wp:attachment":[{"href":"https:\/\/ljelevator.com\/pt\/wp-json\/wp\/v2\/media?parent=7315"}],"wp:term":[{"taxonomy":"product_brand","embeddable":true,"href":"https:\/\/ljelevator.com\/pt\/wp-json\/wp\/v2\/product_brand?post=7315"},{"taxonomy":"product_cat","embeddable":true,"href":"https:\/\/ljelevator.com\/pt\/wp-json\/wp\/v2\/product_cat?post=7315"},{"taxonomy":"product_tag","embeddable":true,"href":"https:\/\/ljelevator.com\/pt\/wp-json\/wp\/v2\/product_tag?post=7315"}],"curies":[{"name":"wp","href":"https:\/\/api.w.org\/{rel}","templated":true}]}}