{"id":7792,"date":"2025-09-10T01:47:03","date_gmt":"2025-09-10T01:47:03","guid":{"rendered":"https:\/\/ljelevator.com\/?post_type=product&#038;p=7792"},"modified":"2025-11-11T09:07:34","modified_gmt":"2025-11-11T09:07:34","slug":"lj-k11","status":"publish","type":"product","link":"https:\/\/ljelevator.com\/pt\/produto\/lj-k11\/","title":{"rendered":"LJ-K11"},"content":{"rendered":"","protected":false},"excerpt":{"rendered":"<p><strong>Teto:<\/strong> Espelho de tit\u00e2nio s.a\u00e7o, ilumina\u00e7\u00e3o acr\u00edlica<br \/>\n<strong>Parede de carro:<\/strong> A\u00e7o inoxid\u00e1vel gravado com espelho de tit\u00e2nio, a\u00e7o inoxid\u00e1vel com padr\u00e3o dourado de tit\u00e2nio<br \/>\n<strong>Corrim\u00e3o:<\/strong> Nenhum<br \/>\n<strong>Ch\u00e3o:<\/strong> PVC\/M\u00e1rmore<\/p>","protected":false},"featured_media":7934,"comment_status":"open","ping_status":"closed","template":"","meta":{"_seopress_robots_primary_cat":"none","_seopress_titles_title":"LJ-K11 Passenger Elevator Interiors | Stylish & Customizable","_seopress_titles_desc":"Upgrade with LJ-K11 Passenger elevator cabs\u2014premium materials and designs for modern, durable, and elegant interiors.","_seopress_robots_index":""},"product_brand":[],"product_cat":[31],"product_tag":[],"class_list":{"0":"post-7792","1":"product","2":"type-product","3":"status-publish","4":"has-post-thumbnail","6":"product_cat-passenger-elevator","8":"first","9":"instock","10":"shipping-taxable","11":"product-type-simple"},"_links":{"self":[{"href":"https:\/\/ljelevator.com\/pt\/wp-json\/wp\/v2\/product\/7792"}],"collection":[{"href":"https:\/\/ljelevator.com\/pt\/wp-json\/wp\/v2\/product"}],"about":[{"href":"https:\/\/ljelevator.com\/pt\/wp-json\/wp\/v2\/types\/product"}],"replies":[{"embeddable":true,"href":"https:\/\/ljelevator.com\/pt\/wp-json\/wp\/v2\/comments?post=7792"}],"wp:featuredmedia":[{"embeddable":true,"href":"https:\/\/ljelevator.com\/pt\/wp-json\/wp\/v2\/media\/7934"}],"wp:attachment":[{"href":"https:\/\/ljelevator.com\/pt\/wp-json\/wp\/v2\/media?parent=7792"}],"wp:term":[{"taxonomy":"product_brand","embeddable":true,"href":"https:\/\/ljelevator.com\/pt\/wp-json\/wp\/v2\/product_brand?post=7792"},{"taxonomy":"product_cat","embeddable":true,"href":"https:\/\/ljelevator.com\/pt\/wp-json\/wp\/v2\/product_cat?post=7792"},{"taxonomy":"product_tag","embeddable":true,"href":"https:\/\/ljelevator.com\/pt\/wp-json\/wp\/v2\/product_tag?post=7792"}],"curies":[{"name":"wp","href":"https:\/\/api.w.org\/{rel}","templated":true}]}}