{"id":7815,"date":"2025-09-10T05:57:40","date_gmt":"2025-09-10T05:57:40","guid":{"rendered":"https:\/\/ljelevator.com\/?post_type=product&#038;p=7815"},"modified":"2025-11-11T08:51:50","modified_gmt":"2025-11-11T08:51:50","slug":"lj-y02","status":"publish","type":"product","link":"https:\/\/ljelevator.com\/pt\/produto\/lj-y02\/","title":{"rendered":"LJ-Y02"},"content":{"rendered":"","protected":false},"excerpt":{"rendered":"<p><strong>Teto:<\/strong> Arma\u00e7\u00e3o em a\u00e7o inoxid\u00e1vel, placa acr\u00edlica transparente, luz embutida<br \/>\n<strong>Parede de carro:<\/strong> A\u00e7o inoxid\u00e1vel de corte fino<br \/>\n<strong>Porta do carro:<\/strong> A\u00e7o inoxid\u00e1vel de corte fino<br \/>\n<strong>Corrim\u00e3o:<\/strong> \u201cTipo \u201dU\" em a\u00e7o<br \/>\n<strong>Ch\u00e3o:<\/strong> PVC<br \/>\n<strong>COP:<\/strong> LJ-CZ07<br \/>\n<strong>Visualiza\u00e7\u00e3o horizontal:<\/strong> LJ-HX04<\/p>","protected":false},"featured_media":7921,"comment_status":"open","ping_status":"closed","template":"","meta":{"_seopress_robots_primary_cat":"none","_seopress_titles_title":"LJ-Y02 Hospital Elevator Cab Interiors | Elegant & Reliable","_seopress_titles_desc":"LJ-Y02 offers top-quality hospital elevator cab designs. Enhance aesthetics and functionality with our customizable options.","_seopress_robots_index":""},"product_brand":[],"product_cat":[36],"product_tag":[],"class_list":{"0":"post-7815","1":"product","2":"type-product","3":"status-publish","4":"has-post-thumbnail","6":"product_cat-hospital-elevator","8":"first","9":"instock","10":"shipping-taxable","11":"product-type-simple"},"_links":{"self":[{"href":"https:\/\/ljelevator.com\/pt\/wp-json\/wp\/v2\/product\/7815"}],"collection":[{"href":"https:\/\/ljelevator.com\/pt\/wp-json\/wp\/v2\/product"}],"about":[{"href":"https:\/\/ljelevator.com\/pt\/wp-json\/wp\/v2\/types\/product"}],"replies":[{"embeddable":true,"href":"https:\/\/ljelevator.com\/pt\/wp-json\/wp\/v2\/comments?post=7815"}],"wp:featuredmedia":[{"embeddable":true,"href":"https:\/\/ljelevator.com\/pt\/wp-json\/wp\/v2\/media\/7921"}],"wp:attachment":[{"href":"https:\/\/ljelevator.com\/pt\/wp-json\/wp\/v2\/media?parent=7815"}],"wp:term":[{"taxonomy":"product_brand","embeddable":true,"href":"https:\/\/ljelevator.com\/pt\/wp-json\/wp\/v2\/product_brand?post=7815"},{"taxonomy":"product_cat","embeddable":true,"href":"https:\/\/ljelevator.com\/pt\/wp-json\/wp\/v2\/product_cat?post=7815"},{"taxonomy":"product_tag","embeddable":true,"href":"https:\/\/ljelevator.com\/pt\/wp-json\/wp\/v2\/product_tag?post=7815"}],"curies":[{"name":"wp","href":"https:\/\/api.w.org\/{rel}","templated":true}]}}